{"id":115,"date":"2014-11-17T09:31:45","date_gmt":"2014-11-17T09:31:45","guid":{"rendered":"http:\/\/www.missionskreis.at\/?page_id=115"},"modified":"2015-06-28T11:23:52","modified_gmt":"2015-06-28T11:23:52","slug":"ghana","status":"publish","type":"page","link":"https:\/\/www.missionskreis.at\/?page_id=115","title":{"rendered":"Ghana"},"content":{"rendered":"<p align=\"left\"><strong>Allgemeines<\/strong><\/p>\n<p align=\"left\"><a href=\"https:\/\/de.wikipedia.org\/wiki\/Ghana\">Ghana <\/a>(fr\u00fcher Goldk\u00fcste) ist ein Staat in Westafrika der an die Elfenbeink\u00fcste angrenzt. Ghana ist fast so gro\u00df wie das Vereinigte K\u00f6nigreich ( Ghana = 238.533 km\u00b2). Der Volta-See ist der gr\u00f6\u00dfte Binnensee des Landes und zugleich der gr\u00f6\u00dfte vollst\u00e4ndig k\u00fcnstlich angelegte Stausee der Welt.<\/p>\n<p align=\"left\"><a href=\"http:\/\/www.missionskreis.at\/wp-content\/uploads\/2015\/06\/karte.jpg\"><img loading=\"lazy\" class=\" size-medium wp-image-921 aligncenter\" src=\"http:\/\/www.missionskreis.at\/wp-content\/uploads\/2015\/06\/karte-235x300.jpg\" alt=\"karte\" width=\"235\" height=\"300\" srcset=\"https:\/\/www.missionskreis.at\/wp-content\/uploads\/2015\/06\/karte-235x300.jpg 235w, https:\/\/www.missionskreis.at\/wp-content\/uploads\/2015\/06\/karte.jpg 302w\" sizes=\"(max-width: 235px) 100vw, 235px\" \/><\/a><\/p>\n<p align=\"left\">Einer der wichtigsten Rohstoffe ist Gold, das der ehemaligen Kolonie auch den Namen \u201eGoldk\u00fcste\u201c gab. Accra ist die gr\u00f6\u00dfte Stadt des Landes und zugleich Hauptstadt mit Regierungssitz. In Ghana spricht man zwischen 46 und mehr als 100 Sprachen &#8211; je nach Definition &#8211; hier ist die Sprachvielfalt recht gro\u00df. Amtssprache ist Englisch.<br \/>\nDer Nationalfeiertag ist der 6. M\u00e4rz.<\/p>\n<p align=\"left\"><a href=\"http:\/\/www.missionskreis.at\/wp-content\/uploads\/2015\/06\/karte-orte.png\"><img loading=\"lazy\" class=\" size-medium wp-image-922 aligncenter\" src=\"http:\/\/www.missionskreis.at\/wp-content\/uploads\/2015\/06\/karte-orte-300x191.png\" alt=\"karte-orte\" width=\"300\" height=\"191\" srcset=\"https:\/\/www.missionskreis.at\/wp-content\/uploads\/2015\/06\/karte-orte-300x191.png 300w, https:\/\/www.missionskreis.at\/wp-content\/uploads\/2015\/06\/karte-orte.png 526w\" sizes=\"(max-width: 300px) 100vw, 300px\" \/><\/a><\/p>\n<p align=\"left\"><span style=\"font-size: large;\"><strong>Klima:<\/strong> <\/span>Ghana ist ein tropisches Land, kennt also keine Jahreszeiten, sondern einen Wechsel zwischen Regen- und Trockenzeit. Nahezu gleichlange Tage und N\u00e4chte (\u201eTag-und-Nacht-Gleiche\u201c) bestimmen das Leben.<\/p>\n<p><span style=\"font-size: large;\"><span style=\"font-size: large;\"><strong>Krankheiten:<\/strong><\/span> <\/span>Malaria,Tuberkulose, Gelbfieber und Hepatitis A und Hepatitis B sind einige der bekanntesten Krankheiten. Auch der Guineawurm, Bilharziose und Poliomyelitis sind ein gro\u00dfes Problem. Im Jahr 1974 sollen 75 Prozent aller Krankheiten in einem direkten Zusammenhang mit unsauberem Wasser gestanden haben. Etwa 40 Prozent der Krankenhausaufenthalte haben ihre Ursache in einer Malariaerkrankung. Bei der Kindersterblichkeit ist Malaria f\u00fcr ein Viertel aller Todesf\u00e4lle verantwortlich.<\/p>\n<p><span style=\"font-size: large;\"><span style=\"font-size: large;\"><strong>Nahrungsmittel:<\/strong><\/span> <\/span>Die Landesk\u00fcche greift beinahe auf alles Essbare zur\u00fcck, was das Land zu bieten hat. Als Fleischlieferant ist neben Rindern, Schafen, Gefl\u00fcgel und Ziegen das in Ghana lebende Bush-Meat (Wildfleisch) gerade in den l\u00e4ndlichen Regionen ein weiterer Bestandteil der Ern\u00e4hrung<\/p>\n<p align=\"left\"><span style=\"font-size: large;\"><strong>Sport:<\/strong> <\/span>In Ghana wird organisiert vom Ghana Olympic Committee (1952 gegr\u00fcndet). Der Nationalsport ist Fu\u00dfball. Die ghanaische Nationalmannschaft konnte bisher viermal Afrikameister werden und nahm 2006 zum ersten Mal an einer Fu\u00dfball-Weltmeisterschaft teil.<\/p>\n<p><span style=\"font-size: large;\"><strong><span style=\"font-size: large;\">Die Flagge: <\/span><br \/>\n<\/strong><\/span>Wurde 1957 eingef\u00fchrt. Rot erinnert an das im Freiheitskampf vergossene Blut, Gelb an die Reicht\u00fcmer des Landes (Gold), Gr\u00fcn steht f\u00fcr die W\u00e4lder und Felder. Der schwarze Stern gilt als Leitstern der afrikanischen Freiheit.<\/p>\n<p><a href=\"http:\/\/www.missionskreis.at\/wp-content\/uploads\/2015\/06\/ghana.gif\"><img loading=\"lazy\" class=\" size-medium wp-image-920 aligncenter\" src=\"http:\/\/www.missionskreis.at\/wp-content\/uploads\/2015\/06\/ghana-300x225.gif\" alt=\"ghana\" width=\"300\" height=\"225\" srcset=\"https:\/\/www.missionskreis.at\/wp-content\/uploads\/2015\/06\/ghana-300x225.gif 300w, https:\/\/www.missionskreis.at\/wp-content\/uploads\/2015\/06\/ghana-1024x768.gif 1024w\" sizes=\"(max-width: 300px) 100vw, 300px\" \/><\/a><\/p>\n","protected":false},"excerpt":{"rendered":"<p>Allgemeines Ghana (fr\u00fcher Goldk\u00fcste) ist ein Staat in Westafrika der an die Elfenbeink\u00fcste angrenzt. Ghana ist fast so gro\u00df wie &#8230; <a class=\"read-more\" href=\"https:\/\/www.missionskreis.at\/?page_id=115\">Mehr lesen<\/a><\/p>\n","protected":false},"author":1,"featured_media":0,"parent":0,"menu_order":2,"comment_status":"closed","ping_status":"closed","template":"","meta":[],"_links":{"self":[{"href":"https:\/\/www.missionskreis.at\/index.php?rest_route=\/wp\/v2\/pages\/115"}],"collection":[{"href":"https:\/\/www.missionskreis.at\/index.php?rest_route=\/wp\/v2\/pages"}],"about":[{"href":"https:\/\/www.missionskreis.at\/index.php?rest_route=\/wp\/v2\/types\/page"}],"author":[{"embeddable":true,"href":"https:\/\/www.missionskreis.at\/index.php?rest_route=\/wp\/v2\/users\/1"}],"replies":[{"embeddable":true,"href":"https:\/\/www.missionskreis.at\/index.php?rest_route=%2Fwp%2Fv2%2Fcomments&post=115"}],"version-history":[{"count":10,"href":"https:\/\/www.missionskreis.at\/index.php?rest_route=\/wp\/v2\/pages\/115\/revisions"}],"predecessor-version":[{"id":1223,"href":"https:\/\/www.missionskreis.at\/index.php?rest_route=\/wp\/v2\/pages\/115\/revisions\/1223"}],"wp:attachment":[{"href":"https:\/\/www.missionskreis.at\/index.php?rest_route=%2Fwp%2Fv2%2Fmedia&parent=115"}],"curies":[{"name":"wp","href":"https:\/\/api.w.org\/{rel}","templated":true}]}}