{"id":150,"date":"2014-11-24T09:12:33","date_gmt":"2014-11-24T09:12:33","guid":{"rendered":"http:\/\/www.missionskreis.at\/?page_id=150"},"modified":"2015-06-28T16:47:12","modified_gmt":"2015-06-28T16:47:12","slug":"wasser-fuer-spital","status":"publish","type":"page","link":"https:\/\/www.missionskreis.at\/?page_id=150","title":{"rendered":"Wasser f\u00fcr Spital"},"content":{"rendered":"<p align=\"left\">Das Spital West Gonja wird von der Di\u00f6zese Damongo gef\u00fchrt. Im Umkreis von 130 km ist es das einzige Krankenhaus. Wir vom Missionsausschuss Kuchl planen und f\u00fchren im Norden von Ghana, Raum Damongo \u2013 Tamale,\u00a0 Hilfsprojekte durch.<\/p>\n<p>Die Leitung des Hospitals ist mit der Bitte um Hilfe an uns herangetreten, da die Wasserversorgung in einem sehr schlechten Zustand ist. Die Brunnenwasserpumpe ist besch\u00e4digt und muss erneuert werden. Die Wasserleitungen vom Hochbeh\u00e4lter zu den Geb\u00e4uden haben Leckagen. An einem Tag versickern ca. 6m\u00b3 Wasser in die Erde. Ein Hospital mit permanentem Wassermangel\u00a0hat ein gro\u00dfes Gesundheitsproblem.<\/p>\n<p><strong>Projektbeschreibung:<br \/>\n<\/strong>Verlegung neuer Wasserleitungen zu den Geb\u00e4uden<br \/>\nTausch der Brunnenpumpe<br \/>\nAktivierung eines stillgelegten Bohrlochs und Einbau einer Pumpe<br \/>\nVerlegung neuer Stromleitungen<br \/>\nAutomatisierung durch Einbau einer Niveauregulierung beim Hochbeh\u00e4lter<\/p>\n<p><strong>Projektdauer<\/strong><strong>:\u00a0 <\/strong>Oktober 2010 \u2013\u00a0Juni 2012<br \/>\nDas Spital und die umliegenden H\u00e4user haben gen\u00fcgend und gutes Wasser.<\/p>\n<div class=\"gallerywell skin-1\">\r\n\t    \t<style type=\"text\/css\">#acoc-isotope-uid-831288420{ width: 103%; margin-left:-3%; }.acoc-isotope-uid-831288420-item{ width: 47%; margin-bottom:3%; margin-left:3%; }@media only screen and (max-width: 600px) {#acoc-isotope-uid-831288420{ width: 102%; margin-left:-2%; }.acoc-isotope-uid-831288420-item{ width:48%; margin-left:2%;}}@media only screen and (max-width: 420px) {#acoc-isotope-uid-831288420{ width: 100%; margin-left:0; }.acoc-isotope-uid-831288420-item{ width:100%; margin-left:0;}}<\/style><div id=\"acoc-isotope-uid-831288420\">        \t            \t<div class=\"acoc-isotope-uid-831288420-item  isotope-wp-child-item\">                \t<div class=\"gallerywell-single\">\r\n\t<a href=\"http:\/\/www.missionskreis.at\/wp-content\/uploads\/2014\/11\/wasser_spital1.jpg\" rel=\"prettyPhoto\">\r\n\t\t<div class=\"gallerywell-single-image\"><img src=\"https:\/\/www.missionskreis.at\/wp-content\/uploads\/2014\/11\/wasser_spital1.jpg\" alt=\"Montage der Pumpe\" \/><\/div>\r\n\t\t<div class=\"gallerywell-single-overlly\">\r\n\t\t\t<h3 class=\"gallerywell-single-heading\">Montage der Pumpe<\/h3>\r\n\t\t<\/div>\r\n\t<\/a>\r\n<\/div>                <\/div>                        \t<div class=\"acoc-isotope-uid-831288420-item  isotope-wp-child-item\">                \t<div class=\"gallerywell-single\">\r\n\t<a href=\"http:\/\/www.missionskreis.at\/wp-content\/uploads\/2014\/11\/wasser_spital3.jpg\" rel=\"prettyPhoto\">\r\n\t\t<div class=\"gallerywell-single-image\"><img src=\"https:\/\/www.missionskreis.at\/wp-content\/uploads\/2014\/11\/wasser_spital3.jpg\" alt=\"Montage der Wasserleitung in den Hochbeh\u00e4lter\" \/><\/div>\r\n\t\t<div class=\"gallerywell-single-overlly\">\r\n\t\t\t<h3 class=\"gallerywell-single-heading\">Montage der Wasserleitung in den Hochbeh\u00e4lter<\/h3>\r\n\t\t<\/div>\r\n\t<\/a>\r\n<\/div>                <\/div>                        \t<div class=\"acoc-isotope-uid-831288420-item  isotope-wp-child-item\">                \t<div class=\"gallerywell-single\">\r\n\t<a href=\"http:\/\/www.missionskreis.at\/wp-content\/uploads\/2014\/11\/P1040061.jpg\" rel=\"prettyPhoto\">\r\n\t\t<div class=\"gallerywell-single-image\"><img src=\"https:\/\/www.missionskreis.at\/wp-content\/uploads\/2014\/11\/P1040061-600x428.jpg\" alt=\"\" \/><\/div>\r\n\t\t<div class=\"gallerywell-single-overlly\">\r\n\t\t\t<h3 class=\"gallerywell-single-heading\"><\/h3>\r\n\t\t<\/div>\r\n\t<\/a>\r\n<\/div>                <\/div>                        \t<div class=\"acoc-isotope-uid-831288420-item  isotope-wp-child-item\">                \t<div class=\"gallerywell-single\">\r\n\t<a href=\"http:\/\/www.missionskreis.at\/wp-content\/uploads\/2014\/11\/P1040081.jpg\" rel=\"prettyPhoto\">\r\n\t\t<div class=\"gallerywell-single-image\"><img src=\"https:\/\/www.missionskreis.at\/wp-content\/uploads\/2014\/11\/P1040081-600x428.jpg\" alt=\"\" \/><\/div>\r\n\t\t<div class=\"gallerywell-single-overlly\">\r\n\t\t\t<h3 class=\"gallerywell-single-heading\"><\/h3>\r\n\t\t<\/div>\r\n\t<\/a>\r\n<\/div>                <\/div>                        \t<div class=\"acoc-isotope-uid-831288420-item  isotope-wp-child-item\">                \t<div class=\"gallerywell-single\">\r\n\t<a href=\"http:\/\/www.missionskreis.at\/wp-content\/uploads\/2014\/11\/P1040097.jpg\" rel=\"prettyPhoto\">\r\n\t\t<div class=\"gallerywell-single-image\"><img src=\"https:\/\/www.missionskreis.at\/wp-content\/uploads\/2014\/11\/P1040097-600x428.jpg\" alt=\"\" \/><\/div>\r\n\t\t<div class=\"gallerywell-single-overlly\">\r\n\t\t\t<h3 class=\"gallerywell-single-heading\"><\/h3>\r\n\t\t<\/div>\r\n\t<\/a>\r\n<\/div>                <\/div>                    <\/div>\n        <script type=\"text\/javascript\">\r\n\t\t\tjQuery(document).ready(function($){\r\n\t\t\t\tvar $isotop_acoc_container = $('#acoc-isotope-uid-831288420').imagesLoaded( function() {\r\n\t\t\t\t\t$isotop_acoc_container.isotope({\r\n\t\t\t\t\t\titemSelector: '.acoc-isotope-uid-831288420-item',\r\n\t\t\t\t\t\tmasonry:{},\r\n\t\t\t\t\t});\r\n\t\t\t\t});\r\n\t\t\t\t$('#acoc-isotope-uid-831288420-filter').on( 'click', 'li', function() {\r\n\t\t\t\t\t$('#acoc-isotope-uid-831288420-filter li').removeClass('active');\r\n\t\t\t\t\tvar filterValue = $(this).attr('data-filter');\r\n\t\t\t\t\t$isotop_acoc_container.isotope({ filter: filterValue });\r\n\t\t\t\t\t$(this).addClass('active');\r\n\t\t\t\t});\r\n\t\t\t});\r\n\t\t<\/script>\r\n                <div style=\"clear:both;\"><\/div>\r\n    <\/div>\n<p align=\"center\"><strong>Der Missionskreis bedankt sich ganz herzlich bei<br \/>\n<\/strong><strong>der Dreik\u00f6nigsaktion Salzburg f\u00fcr ihre Unterst\u00fctzung bei diesem Projekt.<\/strong><\/p>\n<p align=\"center\">\n","protected":false},"excerpt":{"rendered":"<p>Das Spital West Gonja wird von der Di\u00f6zese Damongo gef\u00fchrt. Im Umkreis von 130 km ist es das einzige Krankenhaus. &#8230; <a class=\"read-more\" href=\"https:\/\/www.missionskreis.at\/?page_id=150\">Mehr lesen<\/a><\/p>\n","protected":false},"author":1,"featured_media":0,"parent":327,"menu_order":2,"comment_status":"closed","ping_status":"closed","template":"","meta":[],"_links":{"self":[{"href":"https:\/\/www.missionskreis.at\/index.php?rest_route=\/wp\/v2\/pages\/150"}],"collection":[{"href":"https:\/\/www.missionskreis.at\/index.php?rest_route=\/wp\/v2\/pages"}],"about":[{"href":"https:\/\/www.missionskreis.at\/index.php?rest_route=\/wp\/v2\/types\/page"}],"author":[{"embeddable":true,"href":"https:\/\/www.missionskreis.at\/index.php?rest_route=\/wp\/v2\/users\/1"}],"replies":[{"embeddable":true,"href":"https:\/\/www.missionskreis.at\/index.php?rest_route=%2Fwp%2Fv2%2Fcomments&post=150"}],"version-history":[{"count":12,"href":"https:\/\/www.missionskreis.at\/index.php?rest_route=\/wp\/v2\/pages\/150\/revisions"}],"predecessor-version":[{"id":1236,"href":"https:\/\/www.missionskreis.at\/index.php?rest_route=\/wp\/v2\/pages\/150\/revisions\/1236"}],"up":[{"embeddable":true,"href":"https:\/\/www.missionskreis.at\/index.php?rest_route=\/wp\/v2\/pages\/327"}],"wp:attachment":[{"href":"https:\/\/www.missionskreis.at\/index.php?rest_route=%2Fwp%2Fv2%2Fmedia&parent=150"}],"curies":[{"name":"wp","href":"https:\/\/api.w.org\/{rel}","templated":true}]}}