{"id":212,"date":"2014-12-01T08:58:14","date_gmt":"2014-12-01T08:58:14","guid":{"rendered":"http:\/\/www.missionskreis.at\/?page_id=212"},"modified":"2015-06-28T17:07:05","modified_gmt":"2015-06-28T17:07:05","slug":"solarstrom","status":"publish","type":"page","link":"https:\/\/www.missionskreis.at\/?page_id=212","title":{"rendered":"Solarstrom"},"content":{"rendered":"<p><a href=\"http:\/\/www.missionskreis.at\/wp-content\/uploads\/2014\/12\/Logo-Solar.jpg\"><img loading=\"lazy\" class=\"alignnone size-medium wp-image-959\" src=\"http:\/\/www.missionskreis.at\/wp-content\/uploads\/2014\/12\/Logo-Solar-300x76.jpg\" alt=\"Logo Solar\" width=\"300\" height=\"76\" srcset=\"https:\/\/www.missionskreis.at\/wp-content\/uploads\/2014\/12\/Logo-Solar-300x76.jpg 300w, https:\/\/www.missionskreis.at\/wp-content\/uploads\/2014\/12\/Logo-Solar.jpg 400w\" sizes=\"(max-width: 300px) 100vw, 300px\" \/><\/a><br \/>\nDieses Projekt wurde zu 25% aus den Mitteln der \u00d6sterreichischen Entwicklungszusammenarbeit gef\u00f6rdert. Das Spital West Gonja wird von der Di\u00f6zese Damongo gef\u00fchrt. Im Umkreis von 130 km ist es das einzige Krankenhaus.<\/p>\n<p><a href=\"http:\/\/www.missionskreis.at\/wp-content\/uploads\/2014\/12\/Solar.jpg\"><img loading=\"lazy\" class=\" size-medium wp-image-966 aligncenter\" src=\"http:\/\/www.missionskreis.at\/wp-content\/uploads\/2014\/12\/Solar-300x225.jpg\" alt=\"Solar\" width=\"300\" height=\"225\" srcset=\"https:\/\/www.missionskreis.at\/wp-content\/uploads\/2014\/12\/Solar-300x225.jpg 300w, https:\/\/www.missionskreis.at\/wp-content\/uploads\/2014\/12\/Solar.jpg 500w\" sizes=\"(max-width: 300px) 100vw, 300px\" \/><\/a><\/p>\n<p>Das Land West Gonja, in dessen Gebiet Damongo liegt, ist eine der \u00e4rmsten Gegenden Ghanas.Die Spitalsgeb\u00e4ude sind an das \u00f6ffentliche Stromnetz angeschlossen, welches allerdings recht instabil ist. Die Stromversorgung f\u00e4llt oft \u00fcber mehrere Stunden aus. Auch wird das Stromnetz an jedem f\u00fcnften Tag von 18\u00b0\u00b0 bis 6\u00b0\u00b0 abgeschaltet.<\/p>\n<p><a href=\"http:\/\/www.missionskreis.at\/wp-content\/uploads\/2014\/12\/Solar2.jpg\"><img loading=\"lazy\" class=\" size-medium wp-image-967 aligncenter\" src=\"http:\/\/www.missionskreis.at\/wp-content\/uploads\/2014\/12\/Solar2-300x225.jpg\" alt=\"Solar2\" width=\"300\" height=\"225\" srcset=\"https:\/\/www.missionskreis.at\/wp-content\/uploads\/2014\/12\/Solar2-300x225.jpg 300w, https:\/\/www.missionskreis.at\/wp-content\/uploads\/2014\/12\/Solar2.jpg 500w\" sizes=\"(max-width: 300px) 100vw, 300px\" \/><\/a><\/p>\n<div><strong>Technische Details:<\/strong> In den von uns errichteten Anlagen wurden die alten Teile einer Solaranlage verwendet. F\u00fcr die Laderegler und Wechselrichter wurde eine neue Elektronik installiert. So wurden alle verwendbaren Materialien wiederverwertet und leisten nun gute Dienste. Die Verkabelung erfolgte vollkommen neu, auch die Batterien sind neue Solarbatterien eines ghanaischen Lieferanten. Was vor Ort beschaffbar war, wurde vor Ort gekauft.<\/div>\n<div><\/div>\n<div><strong>Solaranlage &#8222;Labor&#8220;:<\/strong> 24 gebrauchte AEG-Paneele, Leistung 720 W, im Inselbetrieb, Batterie 200 Ah 1 gebrauchtes Siemens-Paneel, Leistung 55 W, im Inselbetrieb f\u00fcr den Medikamentenk\u00fchlschrank, Batterie 120 Ah<br \/>\n<strong>Solaranlage &#8222;Geburtenstation&#8220;:<\/strong> 8 gebrauchte Siemens-Paneele, Leistung 440 W, im Inselbetrieb, Batterie 200 Ah<br \/>\n<strong>Solaranlage &#8222;Operationssaal&#8220;:<\/strong> 16 gebrauchte Siemens-Paneele, Leistung 880 W, im Netzbetrieb, Batterie 200 Ah, speist auch \u00dcbersch\u00fcsse ins \u00fcbrige Spitalsnetz. Im M\u00e4rz 2008 wurde eine Anlage f\u00fcr die Kinderstation gebaut.<\/div>\n<div><\/div>\n<div><a href=\"http:\/\/www.missionskreis.at\/wp-content\/uploads\/2014\/12\/Solar3.jpg\"><img loading=\"lazy\" class=\" size-medium wp-image-968 alignleft\" src=\"http:\/\/www.missionskreis.at\/wp-content\/uploads\/2014\/12\/Solar3-300x225.jpg\" alt=\"Solar3\" width=\"300\" height=\"225\" srcset=\"https:\/\/www.missionskreis.at\/wp-content\/uploads\/2014\/12\/Solar3-300x225.jpg 300w, https:\/\/www.missionskreis.at\/wp-content\/uploads\/2014\/12\/Solar3.jpg 500w\" sizes=\"(max-width: 300px) 100vw, 300px\" \/><\/a><\/div>\n<div>\u00a0\u00a0\u00a0\u00a0\u00a0\u00a0\u00a0\u00a0\u00a0\u00a0\u00a0\u00a0\u00a0 \u00a0<a href=\"http:\/\/www.missionskreis.at\/wp-content\/uploads\/2014\/12\/Solar4.jpg\"><img loading=\"lazy\" class=\"alignnone size-medium wp-image-969\" src=\"http:\/\/www.missionskreis.at\/wp-content\/uploads\/2014\/12\/Solar4-300x225.jpg\" alt=\"Solar4\" width=\"300\" height=\"225\" srcset=\"https:\/\/www.missionskreis.at\/wp-content\/uploads\/2014\/12\/Solar4-300x225.jpg 300w, https:\/\/www.missionskreis.at\/wp-content\/uploads\/2014\/12\/Solar4.jpg 500w\" sizes=\"(max-width: 300px) 100vw, 300px\" \/><\/a><br \/>\nInstallation f\u00fcr den Operationssaal (2007)<\/div>\n<div><\/div>\n<p style=\"text-align: left;\" align=\"center\"><img loading=\"lazy\" class=\" size-medium wp-image-970 alignleft\" src=\"http:\/\/www.missionskreis.at\/wp-content\/uploads\/2014\/12\/kinderstation-300x201.jpg\" alt=\"kinderstation\" width=\"300\" height=\"201\" srcset=\"https:\/\/www.missionskreis.at\/wp-content\/uploads\/2014\/12\/kinderstation-300x201.jpg 300w, https:\/\/www.missionskreis.at\/wp-content\/uploads\/2014\/12\/kinderstation.jpg 640w\" sizes=\"(max-width: 300px) 100vw, 300px\" \/>\u00a0\u00a0\u00a0\u00a0\u00a0\u00a0\u00a0\u00a0\u00a0\u00a0\u00a0\u00a0\u00a0 \u00a0<a href=\"http:\/\/www.missionskreis.at\/wp-content\/uploads\/2014\/12\/solar-install2008.3.jpg\"><img loading=\"lazy\" class=\"alignnone  wp-image-971\" src=\"http:\/\/www.missionskreis.at\/wp-content\/uploads\/2014\/12\/solar-install2008.3-300x201.jpg\" alt=\"solar-install2008.3\" width=\"300\" height=\"201\" srcset=\"https:\/\/www.missionskreis.at\/wp-content\/uploads\/2014\/12\/solar-install2008.3-300x201.jpg 300w, https:\/\/www.missionskreis.at\/wp-content\/uploads\/2014\/12\/solar-install2008.3.jpg 512w\" sizes=\"(max-width: 300px) 100vw, 300px\" \/><\/a><br \/>\nInstallation der Paneele f\u00fcr die Kinderstation (2008)<\/p>\n<p style=\"text-align: left;\" align=\"center\"><img loading=\"lazy\" class=\" size-medium wp-image-972 alignleft\" src=\"http:\/\/www.missionskreis.at\/wp-content\/uploads\/2014\/12\/solar-install2008.5-300x201.jpg\" alt=\"solar-install2008.5\" width=\"300\" height=\"201\" srcset=\"https:\/\/www.missionskreis.at\/wp-content\/uploads\/2014\/12\/solar-install2008.5-300x201.jpg 300w, https:\/\/www.missionskreis.at\/wp-content\/uploads\/2014\/12\/solar-install2008.5.jpg 512w\" sizes=\"(max-width: 300px) 100vw, 300px\" \/>\u00a0\u00a0\u00a0\u00a0\u00a0\u00a0\u00a0\u00a0\u00a0\u00a0 \u00a0\u00a0\u00a0\u00a0<a href=\"http:\/\/www.missionskreis.at\/wp-content\/uploads\/2014\/12\/solar-install2008.4.jpg\"><img loading=\"lazy\" class=\"alignnone size-medium wp-image-974\" src=\"http:\/\/www.missionskreis.at\/wp-content\/uploads\/2014\/12\/solar-install2008.4-300x201.jpg\" alt=\"solar-install2008.4\" width=\"300\" height=\"201\" srcset=\"https:\/\/www.missionskreis.at\/wp-content\/uploads\/2014\/12\/solar-install2008.4-300x201.jpg 300w, https:\/\/www.missionskreis.at\/wp-content\/uploads\/2014\/12\/solar-install2008.4.jpg 512w\" sizes=\"(max-width: 300px) 100vw, 300px\" \/><\/a><br \/>\nInstallation f\u00fcr das Labor (2006)<\/p>\n<p style=\"text-align: left;\" align=\"center\"><a href=\"http:\/\/www.missionskreis.at\/wp-content\/uploads\/2014\/12\/solar-install2008.1.jpg\"><img loading=\"lazy\" class=\" size-medium wp-image-973 aligncenter\" src=\"http:\/\/www.missionskreis.at\/wp-content\/uploads\/2014\/12\/solar-install2008.1-201x300.jpg\" alt=\"solar-install2008.1\" width=\"201\" height=\"300\" srcset=\"https:\/\/www.missionskreis.at\/wp-content\/uploads\/2014\/12\/solar-install2008.1-201x300.jpg 201w, https:\/\/www.missionskreis.at\/wp-content\/uploads\/2014\/12\/solar-install2008.1.jpg 300w\" sizes=\"(max-width: 201px) 100vw, 201px\" \/><\/a><\/p>\n","protected":false},"excerpt":{"rendered":"<p>Dieses Projekt wurde zu 25% aus den Mitteln der \u00d6sterreichischen Entwicklungszusammenarbeit gef\u00f6rdert. Das Spital West Gonja wird von der Di\u00f6zese &#8230; <a class=\"read-more\" href=\"https:\/\/www.missionskreis.at\/?page_id=212\">Mehr lesen<\/a><\/p>\n","protected":false},"author":1,"featured_media":0,"parent":140,"menu_order":3,"comment_status":"closed","ping_status":"closed","template":"","meta":[],"_links":{"self":[{"href":"https:\/\/www.missionskreis.at\/index.php?rest_route=\/wp\/v2\/pages\/212"}],"collection":[{"href":"https:\/\/www.missionskreis.at\/index.php?rest_route=\/wp\/v2\/pages"}],"about":[{"href":"https:\/\/www.missionskreis.at\/index.php?rest_route=\/wp\/v2\/types\/page"}],"author":[{"embeddable":true,"href":"https:\/\/www.missionskreis.at\/index.php?rest_route=\/wp\/v2\/users\/1"}],"replies":[{"embeddable":true,"href":"https:\/\/www.missionskreis.at\/index.php?rest_route=%2Fwp%2Fv2%2Fcomments&post=212"}],"version-history":[{"count":23,"href":"https:\/\/www.missionskreis.at\/index.php?rest_route=\/wp\/v2\/pages\/212\/revisions"}],"predecessor-version":[{"id":1246,"href":"https:\/\/www.missionskreis.at\/index.php?rest_route=\/wp\/v2\/pages\/212\/revisions\/1246"}],"up":[{"embeddable":true,"href":"https:\/\/www.missionskreis.at\/index.php?rest_route=\/wp\/v2\/pages\/140"}],"wp:attachment":[{"href":"https:\/\/www.missionskreis.at\/index.php?rest_route=%2Fwp%2Fv2%2Fmedia&parent=212"}],"curies":[{"name":"wp","href":"https:\/\/api.w.org\/{rel}","templated":true}]}}