{"id":337,"date":"2015-04-13T17:51:41","date_gmt":"2015-04-13T17:51:41","guid":{"rendered":"http:\/\/www.missionskreis.at\/?page_id=337"},"modified":"2015-06-28T17:11:07","modified_gmt":"2015-06-28T17:11:07","slug":"kranke-kinder","status":"publish","type":"page","link":"https:\/\/www.missionskreis.at\/?page_id=337","title":{"rendered":"Kinderhilfe &#8211; Spital"},"content":{"rendered":"<p style=\"text-align: left;\" align=\"left\"><strong><img loading=\"lazy\" class=\" size-medium wp-image-666 alignleft\" src=\"http:\/\/www.missionskreis.at\/wp-content\/uploads\/2015\/04\/kinderstation1-300x201.jpg\" alt=\"kinderstation1\" width=\"300\" height=\"201\" srcset=\"https:\/\/www.missionskreis.at\/wp-content\/uploads\/2015\/04\/kinderstation1-300x201.jpg 300w, https:\/\/www.missionskreis.at\/wp-content\/uploads\/2015\/04\/kinderstation1.jpg 448w\" sizes=\"(max-width: 300px) 100vw, 300px\" \/>Dieses Projekt &#8222;Unterst\u00fctzung von kranken hilfsbed\u00fcrftigen Kindern im Spital Damongo&#8220; l\u00e4uft seit 2008.<\/strong><\/p>\n<p align=\"left\">Eltern k\u00f6nnen den Krankenhausaufenthalt oder die Medikamente f\u00fcr ihr Kind nicht bezahlen. Sie verschulden sich oft schwer, damit es im Krankenhaus behandelt werden kann. Deshalb werden Kinder oft zu sp\u00e4t einer Behandlung zugef\u00fchrt.<\/p>\n<p align=\"left\">Eltern welche diese Kosten f\u00fcr ihr krankes Kind nicht bezahlen k\u00f6nnen werden von uns unterst\u00fctzt. Neu ist, dass Kinder, bei denen vorauszusehen ist, dass sie wieder eine Behandlung brauchen, krankenversichert werden.<\/p>\n<p align=\"left\">Diese Kinder, die durch das Kochen\u00a0beim offenen Feuer verbrannt wurden, profitierten als erste von unserem Projekt.<\/p>\n<p align=\"left\">\u00a0\u00a0\u00a0\u00a0\u00a0\u00a0\u00a0\u00a0\u00a0\u00a0\u00a0\u00a0\u00a0\u00a0\u00a0\u00a0\u00a0\u00a0\u00a0\u00a0\u00a0\u00a0\u00a0\u00a0\u00a0\u00a0\u00a0\u00a0\u00a0\u00a0\u00a0\u00a0\u00a0\u00a0\u00a0\u00a0\u00a0\u00a0\u00a0\u00a0\u00a0 \u00a0 <a href=\"http:\/\/www.missionskreis.at\/wp-content\/uploads\/2015\/05\/G-ghana-2-012-Kinderhilfe-e1430484092747.jpg\"><img loading=\"lazy\" class=\"alignnone size-medium wp-image-644\" src=\"http:\/\/www.missionskreis.at\/wp-content\/uploads\/2015\/05\/G-ghana-2-012-Kinderhilfe-e1430484092747-201x300.jpg\" alt=\"G ghana   2 012 Kinderhilfe\" width=\"201\" height=\"300\" srcset=\"https:\/\/www.missionskreis.at\/wp-content\/uploads\/2015\/05\/G-ghana-2-012-Kinderhilfe-e1430484092747-201x300.jpg 201w, https:\/\/www.missionskreis.at\/wp-content\/uploads\/2015\/05\/G-ghana-2-012-Kinderhilfe-e1430484092747.jpg 535w\" sizes=\"(max-width: 201px) 100vw, 201px\" \/><\/a>\u00a0\u00a0\u00a0\u00a0\u00a0\u00a0\u00a0\u00a0\u00a0\u00a0\u00a0\u00a0\u00a0\u00a0\u00a0\u00a0\u00a0\u00a0 \u00a0\u00a0\u00a0\u00a0 <a href=\"http:\/\/www.missionskreis.at\/wp-content\/uploads\/2015\/04\/kinderstation2.jpg\"><img loading=\"lazy\" class=\"alignnone size-medium wp-image-667\" src=\"http:\/\/www.missionskreis.at\/wp-content\/uploads\/2015\/04\/kinderstation2-201x300.jpg\" alt=\"kinderstation2\" width=\"201\" height=\"300\" srcset=\"https:\/\/www.missionskreis.at\/wp-content\/uploads\/2015\/04\/kinderstation2-201x300.jpg 201w, https:\/\/www.missionskreis.at\/wp-content\/uploads\/2015\/04\/kinderstation2.jpg 321w\" sizes=\"(max-width: 201px) 100vw, 201px\" \/><\/a><\/p>\n<p align=\"left\">Im M\u00e4rz 2011 besuchte Hermann Putz dieses Kind im Spital (unten). Und im M\u00e4rz 2012 konnte er\u00a0es wieder gesund sehen. Durch unsere finanzielle Unterst\u00fctzung und durch Gottes Hilfe konnte Sr. Mary dieses M\u00e4dchen mit Baby-Nahrung wieder gesund pflegen.<\/p>\n<p style=\"text-align: left;\" align=\"center\"><a href=\"http:\/\/www.missionskreis.at\/wp-content\/uploads\/2015\/05\/G-Z-P1010071-Kinderhilfe.jpg\">\u00a0\u00a0\u00a0\u00a0\u00a0\u00a0\u00a0\u00a0\u00a0\u00a0\u00a0\u00a0\u00a0\u00a0\u00a0\u00a0\u00a0\u00a0\u00a0\u00a0\u00a0\u00a0\u00a0\u00a0\u00a0\u00a0\u00a0\u00a0 <img loading=\"lazy\" class=\"alignnone size-medium wp-image-645\" src=\"http:\/\/www.missionskreis.at\/wp-content\/uploads\/2015\/05\/G-Z-P1010071-Kinderhilfe-300x225.jpg\" alt=\"OLYMPUS DIGITAL CAMERA\" width=\"300\" height=\"225\" srcset=\"https:\/\/www.missionskreis.at\/wp-content\/uploads\/2015\/05\/G-Z-P1010071-Kinderhilfe-300x225.jpg 300w, https:\/\/www.missionskreis.at\/wp-content\/uploads\/2015\/05\/G-Z-P1010071-Kinderhilfe.jpg 800w\" sizes=\"(max-width: 300px) 100vw, 300px\" \/><\/a>\u00a0\u00a0\u00a0\u00a0\u00a0 \u00a0\u00a0 <a href=\"http:\/\/www.missionskreis.at\/wp-content\/uploads\/2015\/05\/G-Z-P1040073-Kinderhilfe.jpg\"><img loading=\"lazy\" class=\"alignnone size-medium wp-image-646\" src=\"http:\/\/www.missionskreis.at\/wp-content\/uploads\/2015\/05\/G-Z-P1040073-Kinderhilfe-300x201.jpg\" alt=\"G Z P1040073 Kinderhilfe\" width=\"300\" height=\"201\" srcset=\"https:\/\/www.missionskreis.at\/wp-content\/uploads\/2015\/05\/G-Z-P1040073-Kinderhilfe-300x201.jpg 300w, https:\/\/www.missionskreis.at\/wp-content\/uploads\/2015\/05\/G-Z-P1040073-Kinderhilfe.jpg 800w\" sizes=\"(max-width: 300px) 100vw, 300px\" \/><\/a><\/p>\n","protected":false},"excerpt":{"rendered":"<p>Dieses Projekt &#8222;Unterst\u00fctzung von kranken hilfsbed\u00fcrftigen Kindern im Spital Damongo&#8220; l\u00e4uft seit 2008. Eltern k\u00f6nnen den Krankenhausaufenthalt oder die Medikamente &#8230; <a class=\"read-more\" href=\"https:\/\/www.missionskreis.at\/?page_id=337\">Mehr lesen<\/a><\/p>\n","protected":false},"author":1,"featured_media":0,"parent":140,"menu_order":4,"comment_status":"closed","ping_status":"closed","template":"","meta":[],"_links":{"self":[{"href":"https:\/\/www.missionskreis.at\/index.php?rest_route=\/wp\/v2\/pages\/337"}],"collection":[{"href":"https:\/\/www.missionskreis.at\/index.php?rest_route=\/wp\/v2\/pages"}],"about":[{"href":"https:\/\/www.missionskreis.at\/index.php?rest_route=\/wp\/v2\/types\/page"}],"author":[{"embeddable":true,"href":"https:\/\/www.missionskreis.at\/index.php?rest_route=\/wp\/v2\/users\/1"}],"replies":[{"embeddable":true,"href":"https:\/\/www.missionskreis.at\/index.php?rest_route=%2Fwp%2Fv2%2Fcomments&post=337"}],"version-history":[{"count":29,"href":"https:\/\/www.missionskreis.at\/index.php?rest_route=\/wp\/v2\/pages\/337\/revisions"}],"predecessor-version":[{"id":1247,"href":"https:\/\/www.missionskreis.at\/index.php?rest_route=\/wp\/v2\/pages\/337\/revisions\/1247"}],"up":[{"embeddable":true,"href":"https:\/\/www.missionskreis.at\/index.php?rest_route=\/wp\/v2\/pages\/140"}],"wp:attachment":[{"href":"https:\/\/www.missionskreis.at\/index.php?rest_route=%2Fwp%2Fv2%2Fmedia&parent=337"}],"curies":[{"name":"wp","href":"https:\/\/api.w.org\/{rel}","templated":true}]}}