{"id":340,"date":"2015-04-13T17:52:16","date_gmt":"2015-04-13T17:52:16","guid":{"rendered":"http:\/\/www.missionskreis.at\/?page_id=340"},"modified":"2019-11-04T10:19:36","modified_gmt":"2019-11-04T10:19:36","slug":"schulgelder","status":"publish","type":"page","link":"https:\/\/www.missionskreis.at\/?page_id=340","title":{"rendered":"Schulgelder"},"content":{"rendered":"<p>Der Schulbesuch in der Grundschule scheitert oft schon an der Nicht-finanzierbarkeit eines Schulkleides oder von Schulb\u00fcchern. An den H\u00f6heren Schulen muss Schulgeld bezahlt werden. Die Betr\u00e4ge belaufen sich auf \u20ac 100,- (Schulkleid und B\u00fccher in der Grundschule) bis \u20ac 1.500.- (Studiengeb\u00fchren) f\u00fcr ein Schuljahr. Teilweise m\u00fcssen auch die B\u00fccher, Verpflegung und Unterkunft mitfinanziert werden.<\/p>\n<p><a href=\"http:\/\/www.missionskreis.at\/wp-content\/uploads\/2014\/11\/Schui.jpg\">\u00a0\u00a0\u00a0\u00a0\u00a0\u00a0\u00a0\u00a0\u00a0\u00a0\u00a0\u00a0\u00a0\u00a0\u00a0\u00a0\u00a0\u00a0\u00a0\u00a0\u00a0\u00a0\u00a0\u00a0\u00a0 <img loading=\"lazy\" class=\"alignnone size-medium wp-image-934\" src=\"http:\/\/www.missionskreis.at\/wp-content\/uploads\/2014\/11\/Schui-300x225.jpg\" alt=\"Schui\" width=\"300\" height=\"225\" srcset=\"https:\/\/www.missionskreis.at\/wp-content\/uploads\/2014\/11\/Schui-300x225.jpg 300w, https:\/\/www.missionskreis.at\/wp-content\/uploads\/2014\/11\/Schui.jpg 500w\" sizes=\"(max-width: 300px) 100vw, 300px\" \/><\/a>\u00a0\u00a0\u00a0\u00a0\u00a0\u00a0\u00a0\u00a0 \u00a0 <a href=\"http:\/\/www.missionskreis.at\/wp-content\/uploads\/2015\/04\/Schui2.jpg\"><img loading=\"lazy\" class=\"alignnone size-medium wp-image-980\" src=\"http:\/\/www.missionskreis.at\/wp-content\/uploads\/2015\/04\/Schui2-300x225.jpg\" alt=\"Schui2\" width=\"300\" height=\"225\" srcset=\"https:\/\/www.missionskreis.at\/wp-content\/uploads\/2015\/04\/Schui2-300x225.jpg 300w, https:\/\/www.missionskreis.at\/wp-content\/uploads\/2015\/04\/Schui2.jpg 500w\" sizes=\"(max-width: 300px) 100vw, 300px\" \/><\/a><\/p>\n<p>Zurzeit werden ca. 60 Studenten und Sch\u00fcler unterst\u00fctzt. Der Bedarf w\u00e4re noch viel gr\u00f6\u00dfer. Da diese Hilfe nicht nach einem Jahr abgeschlossen ist, sondern 3-4 Jahre und l\u00e4nger dauern kann, h\u00e4ngt die Menge der Studenten von unseren finanziellen M\u00f6glichkeiten ab.<\/p>\n<p><a href=\"http:\/\/www.missionskreis.at\/wp-content\/uploads\/2015\/05\/K-P1000364-Schulgeld.jpg\">\u00a0\u00a0\u00a0\u00a0\u00a0\u00a0\u00a0\u00a0\u00a0\u00a0\u00a0\u00a0\u00a0\u00a0\u00a0\u00a0\u00a0\u00a0\u00a0\u00a0\u00a0\u00a0\u00a0\u00a0\u00a0\u00a0\u00a0\u00a0\u00a0\u00a0\u00a0\u00a0 <img loading=\"lazy\" class=\"alignnone wp-image-616 size-medium\" src=\"http:\/\/www.missionskreis.at\/wp-content\/uploads\/2015\/05\/K-P1000364-Schulgeld-300x225.jpg\" alt=\"K P1000364 Schulgeld\" width=\"300\" height=\"225\" srcset=\"https:\/\/www.missionskreis.at\/wp-content\/uploads\/2015\/05\/K-P1000364-Schulgeld-300x225.jpg 300w, https:\/\/www.missionskreis.at\/wp-content\/uploads\/2015\/05\/K-P1000364-Schulgeld.jpg 800w\" sizes=\"(max-width: 300px) 100vw, 300px\" \/><\/a>\u00a0\u00a0\u00a0\u00a0\u00a0\u00a0\u00a0\u00a0\u00a0\u00a0\u00a0\u00a0\u00a0\u00a0\u00a0\u00a0\u00a0\u00a0\u00a0\u00a0\u00a0\u00a0\u00a0\u00a0\u00a0\u00a0\u00a0\u00a0\u00a0 <a href=\"http:\/\/www.missionskreis.at\/wp-content\/uploads\/2015\/05\/K-David-Schulgeld.jpg\"><img loading=\"lazy\" class=\"alignnone wp-image-615 size-medium\" src=\"http:\/\/www.missionskreis.at\/wp-content\/uploads\/2015\/05\/K-David-Schulgeld-194x300.jpg\" alt=\"K David Schulgeld\" width=\"194\" height=\"300\" srcset=\"https:\/\/www.missionskreis.at\/wp-content\/uploads\/2015\/05\/K-David-Schulgeld-194x300.jpg 194w, https:\/\/www.missionskreis.at\/wp-content\/uploads\/2015\/05\/K-David-Schulgeld.jpg 387w\" sizes=\"(max-width: 194px) 100vw, 194px\" \/><\/a><\/p>\n","protected":false},"excerpt":{"rendered":"<p>Der Schulbesuch in der Grundschule scheitert oft schon an der Nicht-finanzierbarkeit eines Schulkleides oder von Schulb\u00fcchern. An den H\u00f6heren Schulen &#8230; <a class=\"read-more\" href=\"https:\/\/www.missionskreis.at\/?page_id=340\">Mehr lesen<\/a><\/p>\n","protected":false},"author":1,"featured_media":0,"parent":140,"menu_order":5,"comment_status":"closed","ping_status":"closed","template":"","meta":[],"_links":{"self":[{"href":"https:\/\/www.missionskreis.at\/index.php?rest_route=\/wp\/v2\/pages\/340"}],"collection":[{"href":"https:\/\/www.missionskreis.at\/index.php?rest_route=\/wp\/v2\/pages"}],"about":[{"href":"https:\/\/www.missionskreis.at\/index.php?rest_route=\/wp\/v2\/types\/page"}],"author":[{"embeddable":true,"href":"https:\/\/www.missionskreis.at\/index.php?rest_route=\/wp\/v2\/users\/1"}],"replies":[{"embeddable":true,"href":"https:\/\/www.missionskreis.at\/index.php?rest_route=%2Fwp%2Fv2%2Fcomments&post=340"}],"version-history":[{"count":12,"href":"https:\/\/www.missionskreis.at\/index.php?rest_route=\/wp\/v2\/pages\/340\/revisions"}],"predecessor-version":[{"id":1586,"href":"https:\/\/www.missionskreis.at\/index.php?rest_route=\/wp\/v2\/pages\/340\/revisions\/1586"}],"up":[{"embeddable":true,"href":"https:\/\/www.missionskreis.at\/index.php?rest_route=\/wp\/v2\/pages\/140"}],"wp:attachment":[{"href":"https:\/\/www.missionskreis.at\/index.php?rest_route=%2Fwp%2Fv2%2Fmedia&parent=340"}],"curies":[{"name":"wp","href":"https:\/\/api.w.org\/{rel}","templated":true}]}}