{"id":346,"date":"2015-04-13T17:53:40","date_gmt":"2015-04-13T17:53:40","guid":{"rendered":"http:\/\/www.missionskreis.at\/?page_id=346"},"modified":"2019-11-04T10:20:40","modified_gmt":"2019-11-04T10:20:40","slug":"346-2","status":"publish","type":"page","link":"https:\/\/www.missionskreis.at\/?page_id=346","title":{"rendered":"Kleinkredite"},"content":{"rendered":"<p>Diese Kredite sind gedacht als Starthilfe. Sie m\u00fcssen in kleinen Raten zur\u00fcckbezahlt werden. Nach der R\u00fcckzahlung wird er wieder an die Gruppe vergeben. Zurzeit gibt es 15 Frauengruppen zu je 10 Frauen. Der Kreditrahmen pro Gruppe betr\u00e4gt \u20ac1.000,-. Mit dem Gewinn k\u00f6nnen sie die Familie unterst\u00fctzen. Auch m\u00fcssen ihre Kinder die Schule besuchen.<\/p>\n<p>Jedes Mitglied der Gruppe arbeitet individuell. Sie\u00a0interessieren sich aber auch f\u00fcr die\u00a0Arbeit ihrer Kolleginnen.\u00a0Sie erzeugen Sheabutter, Nuss\u00f6l und Seife. Auch verarbeiten sie Reis und verkaufen Lebensmittel und Getreide.<\/p>\n<p style=\"text-align: left;\" align=\"center\">Die folgenden Fotos zeigen die Frauen bei ihren Besch\u00e4ftigungen, welche die Kredite erm\u00f6glicht haben.<\/p>\n<p style=\"text-align: left;\" align=\"center\"><div class=\"gallerywell skin-1\">\r\n\t    \t<style type=\"text\/css\">#acoc-isotope-uid-370892845{ width: 103%; margin-left:-3%; }.acoc-isotope-uid-370892845-item{ width: 47%; margin-bottom:3%; margin-left:3%; }@media only screen and (max-width: 600px) {#acoc-isotope-uid-370892845{ width: 102%; margin-left:-2%; }.acoc-isotope-uid-370892845-item{ width:48%; margin-left:2%;}}@media only screen and (max-width: 420px) {#acoc-isotope-uid-370892845{ width: 100%; margin-left:0; }.acoc-isotope-uid-370892845-item{ width:100%; margin-left:0;}}<\/style><div id=\"acoc-isotope-uid-370892845\">        \t            \t<div class=\"acoc-isotope-uid-370892845-item  isotope-wp-child-item\">                \t<div class=\"gallerywell-single\">\r\n\t<a href=\"http:\/\/www.missionskreis.at\/wp-content\/uploads\/2015\/04\/starter-loans-group.jpg\" rel=\"prettyPhoto\">\r\n\t\t<div class=\"gallerywell-single-image\"><img src=\"https:\/\/www.missionskreis.at\/wp-content\/uploads\/2015\/04\/starter-loans-group.jpg\" alt=\"die 1.Gruppe: Kakpayili Wumpini Women\u2019s Group\" \/><\/div>\r\n\t\t<div class=\"gallerywell-single-overlly\">\r\n\t\t\t<h3 class=\"gallerywell-single-heading\">die 1.Gruppe: Kakpayili Wumpini Women\u2019s Group<\/h3>\r\n\t\t<\/div>\r\n\t<\/a>\r\n<\/div>                <\/div>                        \t<div class=\"acoc-isotope-uid-370892845-item  isotope-wp-child-item\">                \t<div class=\"gallerywell-single\">\r\n\t<a href=\"http:\/\/www.missionskreis.at\/wp-content\/uploads\/2015\/04\/starter-loans-group1.jpg\" rel=\"prettyPhoto\">\r\n\t\t<div class=\"gallerywell-single-image\"><img src=\"https:\/\/www.missionskreis.at\/wp-content\/uploads\/2015\/04\/starter-loans-group1.jpg\" alt=\"zweite Frauengruppe\" \/><\/div>\r\n\t\t<div class=\"gallerywell-single-overlly\">\r\n\t\t\t<h3 class=\"gallerywell-single-heading\">zweite Frauengruppe<\/h3>\r\n\t\t<\/div>\r\n\t<\/a>\r\n<\/div>                <\/div>                        \t<div class=\"acoc-isotope-uid-370892845-item  isotope-wp-child-item\">                \t<div class=\"gallerywell-single\">\r\n\t<a href=\"http:\/\/www.missionskreis.at\/wp-content\/uploads\/2015\/04\/starter-loans-group6.jpg\" rel=\"prettyPhoto\">\r\n\t\t<div class=\"gallerywell-single-image\"><img src=\"https:\/\/www.missionskreis.at\/wp-content\/uploads\/2015\/04\/starter-loans-group6.jpg\" alt=\"beim Verkaufen\" \/><\/div>\r\n\t\t<div class=\"gallerywell-single-overlly\">\r\n\t\t\t<h3 class=\"gallerywell-single-heading\">beim Verkaufen<\/h3>\r\n\t\t<\/div>\r\n\t<\/a>\r\n<\/div>                <\/div>                        \t<div class=\"acoc-isotope-uid-370892845-item  isotope-wp-child-item\">                \t<div class=\"gallerywell-single\">\r\n\t<a href=\"http:\/\/www.missionskreis.at\/wp-content\/uploads\/2015\/04\/starter-loans-group5.jpg\" rel=\"prettyPhoto\">\r\n\t\t<div class=\"gallerywell-single-image\"><img src=\"https:\/\/www.missionskreis.at\/wp-content\/uploads\/2015\/04\/starter-loans-group5.jpg\" alt=\"beim Verkaufen\" \/><\/div>\r\n\t\t<div class=\"gallerywell-single-overlly\">\r\n\t\t\t<h3 class=\"gallerywell-single-heading\">beim Verkaufen<\/h3>\r\n\t\t<\/div>\r\n\t<\/a>\r\n<\/div>                <\/div>                        \t<div class=\"acoc-isotope-uid-370892845-item  isotope-wp-child-item\">                \t<div class=\"gallerywell-single\">\r\n\t<a href=\"http:\/\/www.missionskreis.at\/wp-content\/uploads\/2015\/04\/starter-loans-group3.jpg\" rel=\"prettyPhoto\">\r\n\t\t<div class=\"gallerywell-single-image\"><img src=\"https:\/\/www.missionskreis.at\/wp-content\/uploads\/2015\/04\/starter-loans-group3.jpg\" alt=\"beim Verkaufen\" \/><\/div>\r\n\t\t<div class=\"gallerywell-single-overlly\">\r\n\t\t\t<h3 class=\"gallerywell-single-heading\">beim Verkaufen<\/h3>\r\n\t\t<\/div>\r\n\t<\/a>\r\n<\/div>                <\/div>                        \t<div class=\"acoc-isotope-uid-370892845-item  isotope-wp-child-item\">                \t<div class=\"gallerywell-single\">\r\n\t<a href=\"http:\/\/www.missionskreis.at\/wp-content\/uploads\/2015\/04\/starter-loans-group7.jpg\" rel=\"prettyPhoto\">\r\n\t\t<div class=\"gallerywell-single-image\"><img src=\"https:\/\/www.missionskreis.at\/wp-content\/uploads\/2015\/04\/starter-loans-group7.jpg\" alt=\"Grace Akawe (l.) beim Besuch\" \/><\/div>\r\n\t\t<div class=\"gallerywell-single-overlly\">\r\n\t\t\t<h3 class=\"gallerywell-single-heading\">Grace Akawe (l.) beim Besuch<\/h3>\r\n\t\t<\/div>\r\n\t<\/a>\r\n<\/div>                <\/div>                        \t<div class=\"acoc-isotope-uid-370892845-item  isotope-wp-child-item\">                \t<div class=\"gallerywell-single\">\r\n\t<a href=\"http:\/\/www.missionskreis.at\/wp-content\/uploads\/2015\/04\/P1000793_1.jpg\" rel=\"prettyPhoto\">\r\n\t\t<div class=\"gallerywell-single-image\"><img src=\"https:\/\/www.missionskreis.at\/wp-content\/uploads\/2015\/04\/P1000793_1-600x500.jpg\" alt=\"Geld f\u00fcr neue Kredite wird ausgeteilt.\" \/><\/div>\r\n\t\t<div class=\"gallerywell-single-overlly\">\r\n\t\t\t<h3 class=\"gallerywell-single-heading\">Geld f\u00fcr neue Kredite wird ausgeteilt.<\/h3>\r\n\t\t<\/div>\r\n\t<\/a>\r\n<\/div>                <\/div>                        \t<div class=\"acoc-isotope-uid-370892845-item  isotope-wp-child-item\">                \t<div class=\"gallerywell-single\">\r\n\t<a href=\"http:\/\/www.missionskreis.at\/wp-content\/uploads\/2015\/04\/P1000412-klein.jpg\" rel=\"prettyPhoto\">\r\n\t\t<div class=\"gallerywell-single-image\"><img src=\"https:\/\/www.missionskreis.at\/wp-content\/uploads\/2015\/04\/P1000412-klein.jpg\" alt=\"ein \"Danke sch\u00f6n\" f\u00fcr den Kredit\" \/><\/div>\r\n\t\t<div class=\"gallerywell-single-overlly\">\r\n\t\t\t<h3 class=\"gallerywell-single-heading\">ein \"Danke sch\u00f6n\" f\u00fcr den Kredit<\/h3>\r\n\t\t<\/div>\r\n\t<\/a>\r\n<\/div>                <\/div>                    <\/div>\n        <script type=\"text\/javascript\">\r\n\t\t\tjQuery(document).ready(function($){\r\n\t\t\t\tvar $isotop_acoc_container = $('#acoc-isotope-uid-370892845').imagesLoaded( function() {\r\n\t\t\t\t\t$isotop_acoc_container.isotope({\r\n\t\t\t\t\t\titemSelector: '.acoc-isotope-uid-370892845-item',\r\n\t\t\t\t\t\tmasonry:{},\r\n\t\t\t\t\t});\r\n\t\t\t\t});\r\n\t\t\t\t$('#acoc-isotope-uid-370892845-filter').on( 'click', 'li', function() {\r\n\t\t\t\t\t$('#acoc-isotope-uid-370892845-filter li').removeClass('active');\r\n\t\t\t\t\tvar filterValue = $(this).attr('data-filter');\r\n\t\t\t\t\t$isotop_acoc_container.isotope({ filter: filterValue });\r\n\t\t\t\t\t$(this).addClass('active');\r\n\t\t\t\t});\r\n\t\t\t});\r\n\t\t<\/script>\r\n                <div style=\"clear:both;\"><\/div>\r\n    <\/div>\n<p style=\"text-align: center;\" align=\"left\"><strong>Wir bedanken uns ganz herzlich bei der Raiffeisenkasse Kuchl f\u00fcr ihre Unterst\u00fctzung.<\/strong><\/p>\n","protected":false},"excerpt":{"rendered":"<p>Diese Kredite sind gedacht als Starthilfe. Sie m\u00fcssen in kleinen Raten zur\u00fcckbezahlt werden. Nach der R\u00fcckzahlung wird er wieder an &#8230; <a class=\"read-more\" href=\"https:\/\/www.missionskreis.at\/?page_id=346\">Mehr lesen<\/a><\/p>\n","protected":false},"author":1,"featured_media":0,"parent":140,"menu_order":7,"comment_status":"closed","ping_status":"closed","template":"","meta":[],"_links":{"self":[{"href":"https:\/\/www.missionskreis.at\/index.php?rest_route=\/wp\/v2\/pages\/346"}],"collection":[{"href":"https:\/\/www.missionskreis.at\/index.php?rest_route=\/wp\/v2\/pages"}],"about":[{"href":"https:\/\/www.missionskreis.at\/index.php?rest_route=\/wp\/v2\/types\/page"}],"author":[{"embeddable":true,"href":"https:\/\/www.missionskreis.at\/index.php?rest_route=\/wp\/v2\/users\/1"}],"replies":[{"embeddable":true,"href":"https:\/\/www.missionskreis.at\/index.php?rest_route=%2Fwp%2Fv2%2Fcomments&post=346"}],"version-history":[{"count":16,"href":"https:\/\/www.missionskreis.at\/index.php?rest_route=\/wp\/v2\/pages\/346\/revisions"}],"predecessor-version":[{"id":1587,"href":"https:\/\/www.missionskreis.at\/index.php?rest_route=\/wp\/v2\/pages\/346\/revisions\/1587"}],"up":[{"embeddable":true,"href":"https:\/\/www.missionskreis.at\/index.php?rest_route=\/wp\/v2\/pages\/140"}],"wp:attachment":[{"href":"https:\/\/www.missionskreis.at\/index.php?rest_route=%2Fwp%2Fv2%2Fmedia&parent=346"}],"curies":[{"name":"wp","href":"https:\/\/api.w.org\/{rel}","templated":true}]}}