{"id":354,"date":"2015-04-13T17:55:16","date_gmt":"2015-04-13T17:55:16","guid":{"rendered":"http:\/\/www.missionskreis.at\/?page_id=354"},"modified":"2015-06-26T15:24:57","modified_gmt":"2015-06-26T15:24:57","slug":"tankwagen","status":"publish","type":"page","link":"https:\/\/www.missionskreis.at\/?page_id=354","title":{"rendered":"Tankwagen &#8211; Tamale"},"content":{"rendered":"<p>Bei diesem Projekt wurde f\u00fcr den Raum Tamale ein Tankwagen organisiert. Dieses Projekt wurde von der MIVA unterst\u00fctzt. Es werden damit eine Schule mit ca. 400 Personen, umliegende Missionsstationen und D\u00f6rfer mit Trinkwasser versorgt. Das Wasser muss jedoch vom Wasserwerk gekauft werden, da das Grundwasser in diesem Gebiet nicht zu gebrauchen ist.<\/p>\n<p><a href=\"http:\/\/www.missionskreis.at\/wp-content\/uploads\/2015\/05\/D-P1000501-Tankwagen-Tamale.jpg\"><img loading=\"lazy\" class=\" size-medium wp-image-637 alignleft\" src=\"http:\/\/www.missionskreis.at\/wp-content\/uploads\/2015\/05\/D-P1000501-Tankwagen-Tamale-300x201.jpg\" alt=\"D P1000501 Tankwagen Tamale\" width=\"300\" height=\"201\" srcset=\"https:\/\/www.missionskreis.at\/wp-content\/uploads\/2015\/05\/D-P1000501-Tankwagen-Tamale-300x201.jpg 300w, https:\/\/www.missionskreis.at\/wp-content\/uploads\/2015\/05\/D-P1000501-Tankwagen-Tamale.jpg 800w\" sizes=\"(max-width: 300px) 100vw, 300px\" \/><\/a><a href=\"http:\/\/www.missionskreis.at\/wp-content\/uploads\/2015\/05\/D-P1000237-Tankwagen-Tamale.jpg\"><img loading=\"lazy\" class=\"alignnone wp-image-636 size-medium\" src=\"http:\/\/www.missionskreis.at\/wp-content\/uploads\/2015\/05\/D-P1000237-Tankwagen-Tamale-300x201.jpg\" alt=\"D P1000237 Tankwagen Tamale\" width=\"300\" height=\"201\" srcset=\"https:\/\/www.missionskreis.at\/wp-content\/uploads\/2015\/05\/D-P1000237-Tankwagen-Tamale-300x201.jpg 300w, https:\/\/www.missionskreis.at\/wp-content\/uploads\/2015\/05\/D-P1000237-Tankwagen-Tamale.jpg 800w\" sizes=\"(max-width: 300px) 100vw, 300px\" \/><\/a><\/p>\n","protected":false},"excerpt":{"rendered":"<p>Bei diesem Projekt wurde f\u00fcr den Raum Tamale ein Tankwagen organisiert. Dieses Projekt wurde von der MIVA unterst\u00fctzt. Es werden &#8230; <a class=\"read-more\" href=\"https:\/\/www.missionskreis.at\/?page_id=354\">Mehr lesen<\/a><\/p>\n","protected":false},"author":1,"featured_media":0,"parent":327,"menu_order":3,"comment_status":"closed","ping_status":"closed","template":"","meta":[],"_links":{"self":[{"href":"https:\/\/www.missionskreis.at\/index.php?rest_route=\/wp\/v2\/pages\/354"}],"collection":[{"href":"https:\/\/www.missionskreis.at\/index.php?rest_route=\/wp\/v2\/pages"}],"about":[{"href":"https:\/\/www.missionskreis.at\/index.php?rest_route=\/wp\/v2\/types\/page"}],"author":[{"embeddable":true,"href":"https:\/\/www.missionskreis.at\/index.php?rest_route=\/wp\/v2\/users\/1"}],"replies":[{"embeddable":true,"href":"https:\/\/www.missionskreis.at\/index.php?rest_route=%2Fwp%2Fv2%2Fcomments&post=354"}],"version-history":[{"count":6,"href":"https:\/\/www.missionskreis.at\/index.php?rest_route=\/wp\/v2\/pages\/354\/revisions"}],"predecessor-version":[{"id":944,"href":"https:\/\/www.missionskreis.at\/index.php?rest_route=\/wp\/v2\/pages\/354\/revisions\/944"}],"up":[{"embeddable":true,"href":"https:\/\/www.missionskreis.at\/index.php?rest_route=\/wp\/v2\/pages\/327"}],"wp:attachment":[{"href":"https:\/\/www.missionskreis.at\/index.php?rest_route=%2Fwp%2Fv2%2Fmedia&parent=354"}],"curies":[{"name":"wp","href":"https:\/\/api.w.org\/{rel}","templated":true}]}}