{"id":458,"date":"2015-04-28T16:01:14","date_gmt":"2015-04-28T16:01:14","guid":{"rendered":"http:\/\/www.missionskreis.at\/?page_id=458"},"modified":"2015-06-28T16:44:48","modified_gmt":"2015-06-28T16:44:48","slug":"general-project-information","status":"publish","type":"page","link":"https:\/\/www.missionskreis.at\/?page_id=458","title":{"rendered":"Allgemeine Informationen"},"content":{"rendered":"<p>Die katholische Di\u00f6zese Damongo liegt im Nordwesten Ghanas. Sie hat eine Fl\u00e4che von 24.627 km\u00b2 mit ca. 410.000 Einwohnern.\u00a0 In etwa 6.000 verstreuten Siedlungen wohnen 22 Volksgruppen.<\/p>\n<p>Da die Di\u00f6zese in einer der \u00e4rmsten Gegenden Ghanas liegt, ist allgemein die finanzielle Lage sehr schlecht sowohl die Schulausbildung. Es herrscht die h\u00f6chste Analphabetismusrate des ganzen Landes. Von den M\u00e4dchen k\u00f6nnen 96 % nicht lesen und schreiben, von den Buben 74 %. Die Gegend ist sehr entlegen, daher kann auch die Regierung nur sehr geringe Hilfe leisten.<\/p>\n<p>Die Entwicklung der Frauen leidet unter diesen Umst\u00e4nden besonders. Die meisten Frauen haben keine Ausbildung. Ihre Aufgabe besteht aus Arbeit und Kinderkriegen. Viele Eltern lassen nur ihre S\u00f6hne zur Schule gehen, deshalb ist auch die Anzahl der Schulm\u00e4dchen gering. Wir unterst\u00fctzen arme Familien mit Schulgeldzahlungen.<\/p>\n<p>Das Spital West Gonja wird von der Di\u00f6zese Damongo gef\u00fchrt. Im Umkreis von 130 km ist es das einzige Krankenhaus. Die Leitung des Hospitals ist mit der Bitte um Hilfe an uns herangetreten, da die Wasserversorgung in einem sehr schlechten Zustand war. Ein Spital mit permanentem Wassermangel\u00a0hat ein gro\u00dfes Gesundheitsproblem. Die Brunnenwasserpumpe\u00a0war besch\u00e4digt und musste erneuert werden. Die Wasserleitungen vom Hochbeh\u00e4lter zu den Geb\u00e4uden hatten Leckagen. An einem Tag versickerten ca. 6m\u00b3 Wasser in die Erde.<\/p>\n<p>Wir versorgen auch umliegende H\u00e4user, eine Schule und eine \u00f6ffentliche Wasserentnahme mit Wasser.<\/p>\n<p>Unsere weiteren Projekte sind Kredite an Frauengruppen, Hilfe f\u00fcr kranke Kinder und Soforthilfen.<\/p>\n<p>&nbsp;<\/p>\n<p style=\"text-align: center;\"><strong>Mehr Informationen finden Sie unter &#8222;Projekte&#8220;.<\/strong><br \/>\n<strong>Klicken Sie auf die\u00a0eingef\u00fcgten\u00a0Fotos um sie zu vergr\u00f6\u00dfern.<\/strong><\/p>\n","protected":false},"excerpt":{"rendered":"<p>Die katholische Di\u00f6zese Damongo liegt im Nordwesten Ghanas. Sie hat eine Fl\u00e4che von 24.627 km\u00b2 mit ca. 410.000 Einwohnern.\u00a0 In &#8230; <a class=\"read-more\" href=\"https:\/\/www.missionskreis.at\/?page_id=458\">Mehr lesen<\/a><\/p>\n","protected":false},"author":1,"featured_media":0,"parent":140,"menu_order":0,"comment_status":"closed","ping_status":"closed","template":"","meta":[],"_links":{"self":[{"href":"https:\/\/www.missionskreis.at\/index.php?rest_route=\/wp\/v2\/pages\/458"}],"collection":[{"href":"https:\/\/www.missionskreis.at\/index.php?rest_route=\/wp\/v2\/pages"}],"about":[{"href":"https:\/\/www.missionskreis.at\/index.php?rest_route=\/wp\/v2\/types\/page"}],"author":[{"embeddable":true,"href":"https:\/\/www.missionskreis.at\/index.php?rest_route=\/wp\/v2\/users\/1"}],"replies":[{"embeddable":true,"href":"https:\/\/www.missionskreis.at\/index.php?rest_route=%2Fwp%2Fv2%2Fcomments&post=458"}],"version-history":[{"count":14,"href":"https:\/\/www.missionskreis.at\/index.php?rest_route=\/wp\/v2\/pages\/458\/revisions"}],"predecessor-version":[{"id":1235,"href":"https:\/\/www.missionskreis.at\/index.php?rest_route=\/wp\/v2\/pages\/458\/revisions\/1235"}],"up":[{"embeddable":true,"href":"https:\/\/www.missionskreis.at\/index.php?rest_route=\/wp\/v2\/pages\/140"}],"wp:attachment":[{"href":"https:\/\/www.missionskreis.at\/index.php?rest_route=%2Fwp%2Fv2%2Fmedia&parent=458"}],"curies":[{"name":"wp","href":"https:\/\/api.w.org\/{rel}","templated":true}]}}